{"id":404,"date":"2021-02-07T17:52:51","date_gmt":"2021-02-07T16:52:51","guid":{"rendered":"https:\/\/www.campingplatz-ankergrund.de\/?page_id=404"},"modified":"2026-03-26T10:45:32","modified_gmt":"2026-03-26T09:45:32","slug":"lage","status":"publish","type":"page","link":"https:\/\/www.campingplatz-ankergrund.de\/index.php\/lage\/","title":{"rendered":"Lage"},"content":{"rendered":"<div class=\"brz-root__container brz-reset-all brz brz-root__container-page\">\n<section id=\"_owkuavmzmoamiiynqghgqwcstrczvazsdqbv\" class=\"brz-section brz-css-1jeuit6\">\n<div class=\"brz-section__content brz-section--boxed brz-css-1gi4cno brz-css-vmz5tc\" data-brz-custom-id=\"rkxirxeuwllskwoznavobhfmcibpkrdxcmjl\">\n<div class=\"brz-container brz-css-150wpf5\">\n<div id=\"\" class=\"brz-css-1f9ft7m brz-wrapper\">\n<div class=\"brz-rich-text brz-rich-text__custom brz-css-1jdfp5y\" data-brz-custom-id=\"lpwwiwarxmksykueuoiaxwskaiufqrhsuain\">\n<div data-brz-translate-text=\"1\">\n<p class=\"brz-tp-heading1 brz-text-lg-center brz-css-tjjSc\"><span class=\"brz-cp-color3\">Lage<\/span><\/p>\n<\/div>\n<\/div>\n<\/div>\n<\/div>\n<\/div>\n<\/section>\n<section id=\"_ckyinatpryqgjwiirdorwtyhfgvzqwvvyqiy\" class=\"brz-section brz-css-1jeuit6\">\n<div class=\"brz-section__content brz-section--boxed brz-css-1gi4cno brz-css-6sq2o9\" data-brz-custom-id=\"dygoezoummyluhjqhavtnebqdjjmvbhxdvlh\">\n<div class=\"brz-bg\">\n<div class=\"brz-bg-image brz-bg-image-parallax\"><\/div>\n<\/div>\n<div class=\"brz-container brz-css-150wpf5\">\n<div id=\"\" class=\"brz-css-1f9ft7m brz-wrapper\">\n<div class=\"brz-rich-text brz-rich-text__custom brz-css-1jdfp5y\" data-brz-custom-id=\"dtritzzlrhadjgpjygblyhpeqxqqowfkhfpq\">\n<div data-brz-translate-text=\"1\">\n<p class=\"brz-tp-heading6 brz-css-t6QGz\"><span class=\"brz-cp-color8\">Stimmungsbild Mainsicht<\/span><\/p>\n<\/div>\n<\/div>\n<\/div>\n<div id=\"\" class=\"brz-css-1f9ft7m brz-wrapper\">\n<div class=\"brz-image brz-css-hj6gsk\" data-brz-custom-id=\"beazhzyhfvbzguvkuokavqewfvzamylijjbi\"><img decoding=\"async\" class=\"brz-img\" src=\"https:\/\/www.campingplatz-ankergrund.de\/wp-content\/uploads\/brizy\/imgs\/735e40c5e0e0855c581afbe424584796-1217x409x23x0x1170x409x1727108262.jpg\" alt=\"\" loading=\"lazy\"><\/div>\n<\/div>\n<\/div>\n<\/div>\n<\/section>\n<section id=\"_gosjxavtqzmfwwqucouzybhcayxcdpiujkmv\" class=\"brz-section brz-css-1jeuit6\">\n<div class=\"brz-section__content brz-section--boxed brz-css-1gi4cno brz-css-qlr3f2\" data-brz-custom-id=\"uszygjmegtppteowwnndoenlatosonalhtsf\">\n<div class=\"brz-container brz-css-150wpf5\">\n<div id=\"\" class=\"brz-css-1f9ft7m brz-wrapper\">\n<div class=\"brz-rich-text brz-rich-text__custom brz-css-1jdfp5y\" data-brz-custom-id=\"pngyqxwmalpdnoxcstfrylvsuqzxnqblaebf\">\n<div data-brz-translate-text=\"1\">\n<p class=\"brz-tp-paragraph brz-text-lg-center brz-css-fUlNI\"><span class=\"brz-cp-color7\">Ist er nicht m\u00e4rchenhaft&nbsp;gelegen, unser Campingplatz Ankergrund? Zudem wird er noch durch die Sch\u00f6nwetter-Schneise mit deutlich mehr Sonnenschein beg\u00fcnstigt. Dies hebt nachweislich Laune, Stimmung und ma\u00dfgeblich den&nbsp;Erholungspegel. Probieren Sie es aus!<\/span><\/p>\n<p class=\"brz-tp-paragraph brz-text-lg-center brz-css-dZD4t\"><span class=\"brz-cp-color7\"> <\/span><\/p>\n<p class=\"brz-tp-paragraph brz-text-lg-center brz-css-rHEa8\"><span class=\"brz-cp-color7\">Ums\u00e4umt wird unser&nbsp;Campingplatz&nbsp;von fr\u00e4nkischen Weinbergen&nbsp;und&nbsp;zu&nbsp;kulturellen Highlights wie&nbsp;der Wallfahrtskirche \u201eMaria im Weingarten\u201c und&nbsp;dem&nbsp;Weltkulturerbeder UNESCO, der W\u00fcrzburger&nbsp;Residenz, ist es nur ein&nbsp;Katzensprung.<\/span><\/p>\n<p class=\"brz-tp-paragraph brz-text-lg-center brz-css-ukJaA\"><span class=\"brz-cp-color7\"> <\/span><\/p>\n<p class=\"brz-tp-paragraph brz-text-lg-center brz-css-nOiRv\"><span class=\"brz-cp-color7\">In nur zehn Gehminuten sind Sie mitten im wundersch\u00f6nen Volkach, hier sind Ihrem Erkundungsdrang keine Grenzen gesetzt. Entdecken Sie&nbsp;unz\u00e4hlige Sehensw\u00fcrdigkeiten des historischen Stadtkerns und tauchen Sie in die fr\u00e4nkische Kultur der zahlreichen Wein- und Winzerfeste ein.&nbsp;Vergessen Sie die Zeit an idyllischen Fleckchen \u2013 beim Muschelsammeln mit den Kindern, beim Angeln oder relaxen Sie unter altehrw\u00fcrdigen, Schatten spendenden B\u00e4umen am Mainufer.&nbsp;Lassen Sie die Seele baumeln, sp\u00fcren Sie Sonne und Wasser. Und genie\u00dfen sie die sch\u00f6nsten Sonnenunterg\u00e4nge&nbsp;bei einem feinen&nbsp;Glas Frankenwein, direkt an ihrem Stellplatz!<\/span><\/p>\n<p class=\"brz-tp-paragraph brz-text-lg-center brz-css-xi1v3\"><span class=\"brz-cp-color7\"> <\/span><\/p>\n<p class=\"brz-tp-paragraph brz-text-lg-center brz-css-qpe6w\"><span class=\"brz-cp-color7\">Verw\u00f6hnen Sie sich mit unbeschwerten, erholsamen Tagen an der Mainschleife bei Volkach \u2013 denn beim Wohlf\u00fchlen entsteht Wellness.<\/span><\/p>\n<\/div>\n<\/div>\n<\/div>\n<\/div>\n<\/div>\n<\/section>\n<section id=\"_twmaeahhnkehbxtxhknjirwyvhohcarvesuj\" class=\"brz-section brz-css-1jeuit6\">\n<div class=\"brz-section__content brz-section--boxed brz-css-1gi4cno brz-css-wk09rl\" data-brz-custom-id=\"suybzuvlfgwvyvyuplkjohtwclolonlhiftq\">\n<div class=\"brz-bg\">\n<div class=\"brz-bg-image brz-bg-image-parallax\"><\/div>\n<\/div>\n<div class=\"brz-container brz-css-150wpf5\">\n<div class=\"brz-row__container brz-css-1dpsrrm\" data-brz-custom-id=\"lkctpepjiemxhhdolxaczcugbcztlsixrivm\">\n<div class=\"brz-bg\"><\/div>\n<div class=\"brz-row brz-css-m1ke1k brz-css-15s9jsk\">\n<div class=\"brz-columns brz-css-kcd7t3 brz-css-12adpx6\" data-brz-custom-id=\"ykzykruwqpwtfbwifmliwstvomjjtrzumogs\">\n<div class=\"brz-bg\"><\/div>\n<div class=\"brz-column__items brz-css-62ffs3\">\n<div id=\"\" class=\"brz-css-1f9ft7m brz-wrapper\">\n<div class=\"brz-rich-text brz-rich-text__custom brz-css-1jdfp5y\" data-brz-custom-id=\"kkeunbatbxkkajoqtybrtxwhzqfjkqwjvusx\">\n<div data-brz-translate-text=\"1\">\n<p class=\"brz-tp-heading6 brz-css-jz130\"><span class=\"brz-cp-color8\">Umgebung am Main<\/span><\/p>\n<\/div>\n<\/div>\n<\/div>\n<div id=\"\" class=\"brz-css-1f9ft7m brz-wrapper\">\n<div class=\"brz-image brz-css-1rzrlln\" data-brz-custom-id=\"myabbwecnqaaqdxwdbegycbxdwrkjcusxjlj\"><img decoding=\"async\" class=\"brz-img\" src=\"https:\/\/www.campingplatz-ankergrund.de\/wp-content\/uploads\/brizy\/imgs\/6f4bdb35f0322ebe3a52be4673ae10fe-385x269x13x0x360x269x1727108262.jpg\" alt=\"\" loading=\"lazy\"><\/div>\n<\/div>\n<\/div>\n<\/div>\n<div class=\"brz-columns brz-css-kcd7t3 brz-css-gge4ro\" data-brz-custom-id=\"utubiedbohbfwxbfzubfjdouodliklvgujuw\">\n<div class=\"brz-bg\"><\/div>\n<div class=\"brz-column__items brz-css-62ffs3\">\n<div id=\"\" class=\"brz-css-1f9ft7m brz-wrapper\">\n<div class=\"brz-rich-text brz-rich-text__custom brz-css-1jdfp5y\" data-brz-custom-id=\"bbonyrxfuxtahffkhnwtijhwqzzwzrnmmdne\">\n<div data-brz-translate-text=\"1\">\n<p class=\"brz-tp-heading6 brz-css-uaaQX\"><span class=\"brz-cp-color8\">Volkacher Weinreben<\/span><\/p>\n<\/div>\n<\/div>\n<\/div>\n<div id=\"\" class=\"brz-css-1f9ft7m brz-wrapper\">\n<div class=\"brz-image brz-css-7gqplg\" data-brz-custom-id=\"hhmrvorvihujxxzeruqaggdyuzgalfxwvevx\"><img decoding=\"async\" class=\"brz-img\" src=\"https:\/\/www.campingplatz-ankergrund.de\/wp-content\/uploads\/brizy\/imgs\/3f87ebe143154e71960fb957305e69b9-385x269x13x0x360x269x1727108262.jpg\" alt=\"\" loading=\"lazy\"><\/div>\n<\/div>\n<\/div>\n<\/div>\n<div class=\"brz-columns brz-css-kcd7t3 brz-css-1tops3z\" data-brz-custom-id=\"pfurhjyiscrplwxdaqqbgwweidmtdldjakhf\">\n<div class=\"brz-bg\"><\/div>\n<div class=\"brz-column__items brz-css-62ffs3\">\n<div id=\"\" class=\"brz-css-1f9ft7m brz-wrapper\">\n<div class=\"brz-rich-text brz-rich-text__custom brz-css-1jdfp5y\" data-brz-custom-id=\"xebulnrthihwlbfnxieimksrnteyqkporaoe\">\n<div data-brz-translate-text=\"1\">\n<p class=\"brz-tp-heading6 brz-css-iksLB\"><span class=\"brz-cp-color8\">\u201eMaria im Weingarten\u201c<\/span><\/p>\n<\/div>\n<\/div>\n<\/div>\n<div id=\"\" class=\"brz-css-1f9ft7m brz-wrapper\">\n<div class=\"brz-image brz-css-1llpjzk\" data-brz-custom-id=\"mnlhrcrwhcwcmrrhzsmjgxcvtlmxqwfaksgx\"><img decoding=\"async\" class=\"brz-img\" src=\"https:\/\/www.campingplatz-ankergrund.de\/wp-content\/uploads\/brizy\/imgs\/25c0a0e5059ae8f6497df275bb21dca1-386x270x13x0x361x270x1727108263.jpg\" alt=\"\" loading=\"lazy\"><\/div>\n<\/div>\n<\/div>\n<\/div>\n<\/div>\n<\/div>\n<\/div>\n<\/div>\n<\/section>\n<\/div>\n<p>    <!-- version:1738059745 --><\/p>\n","protected":false},"excerpt":{"rendered":"<p>Lage Stimmungsbild Mainsicht Ist er nicht m\u00e4rchenhaft&nbsp;gelegen, unser Campingplatz Ankergrund? Zudem wird er noch durch die Sch\u00f6nwetter-Schneise mit deutlich mehr Sonnenschein beg\u00fcnstigt. Dies hebt nachweislich Laune, Stimmung und ma\u00dfgeblich den&nbsp;Erholungspegel. Probieren Sie es aus! Ums\u00e4umt wird unser&nbsp;Campingplatz&nbsp;von fr\u00e4nkischen Weinbergen&nbsp;und&nbsp;zu&nbsp;kulturellen Highlights wie&nbsp;der Wallfahrtskirche \u201eMaria im Weingarten\u201c und&nbsp;dem&nbsp;Weltkulturerbeder UNESCO, der W\u00fcrzburger&nbsp;Residenz, ist es nur ein&nbsp;Katzensprung. In nur [&hellip;]<\/p>\n","protected":false},"author":2,"featured_media":0,"parent":0,"menu_order":0,"comment_status":"closed","ping_status":"closed","template":"brizy-blank-template.php","meta":{"footnotes":""},"class_list":["post-404","page","type-page","status-publish","hentry"],"yoast_head":"<!-- This site is optimized with the Yoast SEO plugin v27.5 - https:\/\/yoast.com\/product\/yoast-seo-wordpress\/ -->\n<title>Lage - Campingplatz Ankergrund<\/title>\n<meta name=\"description\" content=\"Die Lage ist wirklich m\u00e4rchenhaft, beg\u00fcnstigt durch eine Sch\u00f6nwetter-Schneise mit deutlich mehr Sonnenschein.\" \/>\n<meta name=\"robots\" content=\"index, follow, max-snippet:-1, max-image-preview:large, max-video-preview:-1\" \/>\n<link rel=\"canonical\" href=\"https:\/\/www.campingplatz-ankergrund.de\/index.php\/lage\/\" \/>\n<meta property=\"og:locale\" content=\"de_DE\" \/>\n<meta property=\"og:type\" content=\"article\" \/>\n<meta property=\"og:title\" content=\"Lage - Campingplatz Ankergrund\" \/>\n<meta property=\"og:description\" content=\"Die Lage ist wirklich m\u00e4rchenhaft, beg\u00fcnstigt durch eine Sch\u00f6nwetter-Schneise mit deutlich mehr Sonnenschein.\" \/>\n<meta property=\"og:url\" content=\"https:\/\/www.campingplatz-ankergrund.de\/index.php\/lage\/\" \/>\n<meta property=\"og:site_name\" content=\"Campingplatz Ankergrund\" \/>\n<meta property=\"article:modified_time\" content=\"2026-03-26T09:45:32+00:00\" \/>\n<meta property=\"og:image\" content=\"https:\/\/www.campingplatz-ankergrund.de\/wp-content\/uploads\/brizy\/imgs\/735e40c5e0e0855c581afbe424584796-1217x409x23x0x1170x409x1727108262.jpg\" \/>\n<meta name=\"twitter:card\" content=\"summary_large_image\" \/>\n<meta name=\"twitter:label1\" content=\"Gesch\u00e4tzte Lesezeit\" \/>\n\t<meta name=\"twitter:data1\" content=\"3\u00a0Minuten\" \/>\n<script type=\"application\/ld+json\" class=\"yoast-schema-graph\">{\"@context\":\"https:\\\/\\\/schema.org\",\"@graph\":[{\"@type\":\"WebPage\",\"@id\":\"https:\\\/\\\/www.campingplatz-ankergrund.de\\\/index.php\\\/lage\\\/\",\"url\":\"https:\\\/\\\/www.campingplatz-ankergrund.de\\\/index.php\\\/lage\\\/\",\"name\":\"Lage - Campingplatz Ankergrund\",\"isPartOf\":{\"@id\":\"https:\\\/\\\/www.campingplatz-ankergrund.de\\\/#website\"},\"primaryImageOfPage\":{\"@id\":\"https:\\\/\\\/www.campingplatz-ankergrund.de\\\/index.php\\\/lage\\\/#primaryimage\"},\"image\":{\"@id\":\"https:\\\/\\\/www.campingplatz-ankergrund.de\\\/index.php\\\/lage\\\/#primaryimage\"},\"thumbnailUrl\":\"https:\\\/\\\/www.campingplatz-ankergrund.de\\\/wp-content\\\/uploads\\\/brizy\\\/imgs\\\/735e40c5e0e0855c581afbe424584796-1217x409x23x0x1170x409x1727108262.jpg\",\"datePublished\":\"2021-02-07T16:52:51+00:00\",\"dateModified\":\"2026-03-26T09:45:32+00:00\",\"description\":\"Die Lage ist wirklich m\u00e4rchenhaft, beg\u00fcnstigt durch eine Sch\u00f6nwetter-Schneise mit deutlich mehr Sonnenschein.\",\"inLanguage\":\"de\",\"potentialAction\":[{\"@type\":\"ReadAction\",\"target\":[\"https:\\\/\\\/www.campingplatz-ankergrund.de\\\/index.php\\\/lage\\\/\"]}]},{\"@type\":\"ImageObject\",\"inLanguage\":\"de\",\"@id\":\"https:\\\/\\\/www.campingplatz-ankergrund.de\\\/index.php\\\/lage\\\/#primaryimage\",\"url\":\"https:\\\/\\\/www.campingplatz-ankergrund.de\\\/wp-content\\\/uploads\\\/brizy\\\/imgs\\\/735e40c5e0e0855c581afbe424584796-1217x409x23x0x1170x409x1727108262.jpg\",\"contentUrl\":\"https:\\\/\\\/www.campingplatz-ankergrund.de\\\/wp-content\\\/uploads\\\/brizy\\\/imgs\\\/735e40c5e0e0855c581afbe424584796-1217x409x23x0x1170x409x1727108262.jpg\"},{\"@type\":\"WebSite\",\"@id\":\"https:\\\/\\\/www.campingplatz-ankergrund.de\\\/#website\",\"url\":\"https:\\\/\\\/www.campingplatz-ankergrund.de\\\/\",\"name\":\"Campingplatz Ankergrund\",\"description\":\"\",\"potentialAction\":[{\"@type\":\"SearchAction\",\"target\":{\"@type\":\"EntryPoint\",\"urlTemplate\":\"https:\\\/\\\/www.campingplatz-ankergrund.de\\\/?s={search_term_string}\"},\"query-input\":{\"@type\":\"PropertyValueSpecification\",\"valueRequired\":true,\"valueName\":\"search_term_string\"}}],\"inLanguage\":\"de\"}]}<\/script>\n<!-- \/ Yoast SEO plugin. -->","yoast_head_json":{"title":"Lage - Campingplatz Ankergrund","description":"Die Lage ist wirklich m\u00e4rchenhaft, beg\u00fcnstigt durch eine Sch\u00f6nwetter-Schneise mit deutlich mehr Sonnenschein.","robots":{"index":"index","follow":"follow","max-snippet":"max-snippet:-1","max-image-preview":"max-image-preview:large","max-video-preview":"max-video-preview:-1"},"canonical":"https:\/\/www.campingplatz-ankergrund.de\/index.php\/lage\/","og_locale":"de_DE","og_type":"article","og_title":"Lage - Campingplatz Ankergrund","og_description":"Die Lage ist wirklich m\u00e4rchenhaft, beg\u00fcnstigt durch eine Sch\u00f6nwetter-Schneise mit deutlich mehr Sonnenschein.","og_url":"https:\/\/www.campingplatz-ankergrund.de\/index.php\/lage\/","og_site_name":"Campingplatz Ankergrund","article_modified_time":"2026-03-26T09:45:32+00:00","og_image":[{"url":"https:\/\/www.campingplatz-ankergrund.de\/wp-content\/uploads\/brizy\/imgs\/735e40c5e0e0855c581afbe424584796-1217x409x23x0x1170x409x1727108262.jpg","type":"","width":"","height":""}],"twitter_card":"summary_large_image","twitter_misc":{"Gesch\u00e4tzte Lesezeit":"3\u00a0Minuten"},"schema":{"@context":"https:\/\/schema.org","@graph":[{"@type":"WebPage","@id":"https:\/\/www.campingplatz-ankergrund.de\/index.php\/lage\/","url":"https:\/\/www.campingplatz-ankergrund.de\/index.php\/lage\/","name":"Lage - Campingplatz Ankergrund","isPartOf":{"@id":"https:\/\/www.campingplatz-ankergrund.de\/#website"},"primaryImageOfPage":{"@id":"https:\/\/www.campingplatz-ankergrund.de\/index.php\/lage\/#primaryimage"},"image":{"@id":"https:\/\/www.campingplatz-ankergrund.de\/index.php\/lage\/#primaryimage"},"thumbnailUrl":"https:\/\/www.campingplatz-ankergrund.de\/wp-content\/uploads\/brizy\/imgs\/735e40c5e0e0855c581afbe424584796-1217x409x23x0x1170x409x1727108262.jpg","datePublished":"2021-02-07T16:52:51+00:00","dateModified":"2026-03-26T09:45:32+00:00","description":"Die Lage ist wirklich m\u00e4rchenhaft, beg\u00fcnstigt durch eine Sch\u00f6nwetter-Schneise mit deutlich mehr Sonnenschein.","inLanguage":"de","potentialAction":[{"@type":"ReadAction","target":["https:\/\/www.campingplatz-ankergrund.de\/index.php\/lage\/"]}]},{"@type":"ImageObject","inLanguage":"de","@id":"https:\/\/www.campingplatz-ankergrund.de\/index.php\/lage\/#primaryimage","url":"https:\/\/www.campingplatz-ankergrund.de\/wp-content\/uploads\/brizy\/imgs\/735e40c5e0e0855c581afbe424584796-1217x409x23x0x1170x409x1727108262.jpg","contentUrl":"https:\/\/www.campingplatz-ankergrund.de\/wp-content\/uploads\/brizy\/imgs\/735e40c5e0e0855c581afbe424584796-1217x409x23x0x1170x409x1727108262.jpg"},{"@type":"WebSite","@id":"https:\/\/www.campingplatz-ankergrund.de\/#website","url":"https:\/\/www.campingplatz-ankergrund.de\/","name":"Campingplatz Ankergrund","description":"","potentialAction":[{"@type":"SearchAction","target":{"@type":"EntryPoint","urlTemplate":"https:\/\/www.campingplatz-ankergrund.de\/?s={search_term_string}"},"query-input":{"@type":"PropertyValueSpecification","valueRequired":true,"valueName":"search_term_string"}}],"inLanguage":"de"}]}},"brizy_media":[{"id":423,"url":"https:\/\/www.campingplatz-ankergrund.de\/wp-content\/uploads\/brizy\/421\/assets\/images\/735e40c5e0e0855c581afbe424584796.jpg","name":"735e40c5e0e0855c581afbe424584796.jpg","meta":{"brizy_attachment_uid":"735e40c5e0e0855c581afbe424584796.jpg","brizy_post_uid":["09c4a9513d0d55c12ed7b550a888dfa7","4e29ce079660360cfd8d1d2e6cec6a64"]}},{"id":425,"url":"https:\/\/www.campingplatz-ankergrund.de\/wp-content\/uploads\/brizy\/421\/assets\/images\/6f4bdb35f0322ebe3a52be4673ae10fe.jpg","name":"6f4bdb35f0322ebe3a52be4673ae10fe.jpg","meta":{"brizy_attachment_uid":"6f4bdb35f0322ebe3a52be4673ae10fe.jpg","brizy_post_uid":["09c4a9513d0d55c12ed7b550a888dfa7"]}},{"id":426,"url":"https:\/\/www.campingplatz-ankergrund.de\/wp-content\/uploads\/brizy\/421\/assets\/images\/3f87ebe143154e71960fb957305e69b9.jpg","name":"3f87ebe143154e71960fb957305e69b9.jpg","meta":{"brizy_attachment_uid":"3f87ebe143154e71960fb957305e69b9.jpg","brizy_post_uid":["09c4a9513d0d55c12ed7b550a888dfa7"]}},{"id":427,"url":"https:\/\/www.campingplatz-ankergrund.de\/wp-content\/uploads\/brizy\/421\/assets\/images\/25c0a0e5059ae8f6497df275bb21dca1.jpg","name":"25c0a0e5059ae8f6497df275bb21dca1.jpg","meta":{"brizy_attachment_uid":"25c0a0e5059ae8f6497df275bb21dca1.jpg","brizy_post_uid":["09c4a9513d0d55c12ed7b550a888dfa7"]}}],"_links":{"self":[{"href":"https:\/\/www.campingplatz-ankergrund.de\/index.php\/wp-json\/wp\/v2\/pages\/404","targetHints":{"allow":["GET"]}}],"collection":[{"href":"https:\/\/www.campingplatz-ankergrund.de\/index.php\/wp-json\/wp\/v2\/pages"}],"about":[{"href":"https:\/\/www.campingplatz-ankergrund.de\/index.php\/wp-json\/wp\/v2\/types\/page"}],"author":[{"embeddable":true,"href":"https:\/\/www.campingplatz-ankergrund.de\/index.php\/wp-json\/wp\/v2\/users\/2"}],"replies":[{"embeddable":true,"href":"https:\/\/www.campingplatz-ankergrund.de\/index.php\/wp-json\/wp\/v2\/comments?post=404"}],"version-history":[{"count":0,"href":"https:\/\/www.campingplatz-ankergrund.de\/index.php\/wp-json\/wp\/v2\/pages\/404\/revisions"}],"wp:attachment":[{"href":"https:\/\/www.campingplatz-ankergrund.de\/index.php\/wp-json\/wp\/v2\/media?parent=404"}],"curies":[{"name":"wp","href":"https:\/\/api.w.org\/{rel}","templated":true}]}}