{"id":561,"date":"2021-02-21T12:14:17","date_gmt":"2021-02-21T11:14:17","guid":{"rendered":"https:\/\/www.campingplatz-ankergrund.de\/?page_id=561"},"modified":"2026-03-26T13:44:14","modified_gmt":"2026-03-26T12:44:14","slug":"platzordnung","status":"publish","type":"page","link":"https:\/\/www.campingplatz-ankergrund.de\/index.php\/platzordnung\/","title":{"rendered":"Platzordnung"},"content":{"rendered":"<div class=\"brz-root__container brz-reset-all brz brz-root__container-page\">\n<section id=\"_gfmpwjypouehbbrmelszryufhububluimlmn\" class=\"brz-section brz-css-1vni6xh\">\n<div class=\"brz-section__content brz-section--boxed brz-css-1487r5c brz-css-iine7g\" data-brz-custom-id=\"tmjexhsvcuhsycywrhrnkjyxxeaqwrzowxie\">\n<div class=\"brz-container brz-css-1nski8g\">\n<div id=\"\" class=\"brz-css-yhz0ep brz-wrapper\">\n<div class=\"brz-rich-text brz-rich-text__custom brz-css-ymc9cl\" data-brz-custom-id=\"gflolydskbafxjfmtbltaxpzicngdgqhanzn\">\n<div data-brz-translate-text=\"1\">\n<p class=\"brz-tp-heading1 brz-text-lg-center brz-css-oIY36\"><span class=\"brz-cp-color3\">Platzordnung<\/span><\/p>\n<\/div>\n<\/div>\n<\/div>\n<\/div>\n<\/div>\n<\/section>\n<section id=\"_vvfbzxmoaixmzfjekmpbaaohrzdmomxrdtsq\" class=\"brz-section brz-css-1vni6xh\">\n<div class=\"brz-section__content brz-section--boxed brz-css-1487r5c brz-css-tsgqgy\" data-brz-custom-id=\"dlkwulucuyykelwpdiwdmivhrngqwoehvxym\">\n<div class=\"brz-container brz-css-1nski8g\">\n<div id=\"\" class=\"brz-css-yhz0ep brz-css-1qu8ea5 brz-wrapper\">\n<div class=\"brz-rich-text brz-rich-text__custom brz-css-ymc9cl\" data-brz-custom-id=\"kfawflnnoqsbnqfhnatmmuygcaslhsskvyyd\">\n<div data-brz-translate-text=\"1\">\n<p class=\"brz-tp-paragraph brz-text-lg-left brz-css-iObUK\"><span class=\"brz-cp-color2\">Das Ankergrundteam hei\u00dft Sie herzlich willkommen und w\u00fcnscht Ihnen einen erholsamen Aufenthalt. Im Interesse aller anwesenden Campingg\u00e4ste werden Sie h\u00f6flichst gebeten, alles zu vermeiden, was die Gemeinschaft der Campingg\u00e4ste st\u00f6ren k\u00f6nnte.<\/span><\/p>\n<p class=\"brz-tp-paragraph brz-text-lg-left brz-css-iIBud\"><\/p>\n<p class=\"brz-tp-paragraph brz-text-lg-left brz-css-lmAio\"><strong class=\"brz-cp-color2\">Beachten Sie daher bitte die nachstehenden Platzordnung:<\/strong><\/p>\n<p class=\"brz-tp-paragraph brz-text-lg-left brz-css-oaENS\"><span class=\"brz-cp-color2\"> <\/span><\/p>\n<ol>\n<li class=\"brz-tp-paragraph brz-text-lg-left brz-bcp-color2 brz-css-p062N\"><span class=\"brz-cp-color2\">Der Zutritt zum Campingplatz ist nur nach Anmeldung gestattet. Der ankommende Campinggast bzw. Besucher meldet sich daher zuerst bei der \u201eAnmeldung\u201c an. Vor der endg\u00fcltigen Abreise meldet sich der Campinggast bei der \u201eAnmeldung\u201c wieder ab.<\/span><\/li>\n<li class=\"brz-tp-paragraph brz-text-lg-left brz-bcp-color2 brz-css-lhAFS\"><span class=\"brz-cp-color2\">Ordnung und Sauberkeit sind selbstverst\u00e4ndliche Pflichten aller Benutzer des Campingplatzes. Alle Anlagen und Einrichtungen sind schonend zu behandeln.&nbsp;Eltern sind verpflichtet, Ihre Kinder (bis zu 6 Jahren) zur Toilette zu begleiten.<\/span><\/li>\n<li class=\"brz-tp-paragraph brz-text-lg-left brz-bcp-color2 brz-css-m0cER\"><span class=\"brz-cp-color2\">Den Weisungen der Verwaltung bzw. der Platzwarte muss Folge geleistet werden, insbesondere bez\u00fcglich der Aufstellung von Kraftfahrzeugen, Wohnwagen, Zelten und \u00e4hnlichen Anlagen.<\/span><\/li>\n<li class=\"brz-tp-paragraph brz-text-lg-left brz-bcp-color2 brz-css-dn279\"><span class=\"brz-cp-color2\">Hunde sind grunds\u00e4tzlich an der Leine zu f\u00fchren. Es ist unbedingt darauf zu achten, dass jede Verunreinigung des Platzes und Bel\u00e4stigung anderer Personen verhindert werden. Im Badestellenbereich ist der Aufenthalt von Hunden nicht gestattet.<\/span><\/li>\n<li class=\"brz-tp-paragraph brz-text-lg-left brz-bcp-color2 brz-css-i1ij6\"><span class=\"brz-cp-color2\">Aus Gr\u00fcnden der Rasenregeneration bitten wir zu beachten, dass auf dem Platz keine Folien ausgelegt werden d\u00fcrfen.<\/span><\/li>\n<li class=\"brz-tp-paragraph brz-text-lg-left brz-bcp-color2 brz-css-nySqL\"><span class=\"brz-cp-color2\">Das Umgrenzen der Standpl\u00e4tze mit Gr\u00e4ben usw. ist verboten. Es ist darauf zu achten, dass niemand durch Zeltpfl\u00f6cke, Zeltschn\u00fcre und anderes Zeltzubeh\u00f6r gef\u00e4hrdet oder bel\u00e4stigt wird.<\/span><\/li>\n<li class=\"brz-tp-paragraph brz-text-lg-left brz-bcp-color2 brz-css-gVJWd\"><span class=\"brz-cp-color2\">Abf\u00e4lle aller Art geh\u00f6ren ausschlie\u00dflich in die hierf\u00fcr vorgesehenen Abfallbeh\u00e4lter. (M\u00fclltrennung) Die Entsorgung von Sperrm\u00fcll ist auf dem Campingplatz nicht erlaubt.<\/span><\/li>\n<li class=\"brz-tp-paragraph brz-text-lg-left brz-bcp-color2 brz-css-nXbCf\"><span class=\"brz-cp-color2\">Fernseher, Radio und Musikinstrumente sind mit R\u00fccksicht auf die Nachbarn nur mit \u201eZimmerlautst\u00e4rke\u201c erlaubt. W\u00e4hrend der Nacht und innerhalb der Mittagsruhezeit d\u00fcrfen diese au\u00dferhalb des eigenen Standplatzes nicht zu h\u00f6ren sein.<\/span><\/li>\n<li class=\"brz-tp-paragraph brz-text-lg-left brz-bcp-color2 brz-css-axRJM\"><span class=\"brz-cp-color2\">Die Platzruhe dauert von 13.00 Uhr \u2013 15.00 Uhr sowie von 22.00 Uhr \u2013 07.00 Uhr. W\u00e4hrend dieser Zeit gilt Fahrverbot f\u00fcr alle Arten von Kraftfahrzeugen.<\/span><\/li>\n<li class=\"brz-tp-paragraph brz-text-lg-left brz-bcp-color2 brz-css-imKVC\"><span class=\"brz-cp-color2\">Kraftfahrzeuge d\u00fcrfen auf dem gesamten Campinggel\u00e4nde nur Schrittgeschwindigkeit fahren. Bei Nichteinhaltung droht sofortiger Platzverweis.<\/span><\/li>\n<li class=\"brz-tp-paragraph brz-text-lg-left brz-bcp-color2 brz-css-jLPKs\"><span class=\"brz-cp-color2\">Der Standplatz ist am Tag der Abreise bis 11.00 Uhr zu r\u00e4umen. Eine versp\u00e4tete Abreise ist kostenpflichtig gem\u00e4\u00df Geb\u00fchrenordnung.<\/span><\/li>\n<li class=\"brz-tp-paragraph brz-text-lg-left brz-bcp-color2 brz-css-qyL2o\"><span class=\"brz-cp-color2\">Es ist nicht erlaubt aus dem Sanit\u00e4rgeb\u00e4ude warmes Wasser zu holen.<\/span><\/li>\n<li class=\"brz-tp-paragraph brz-text-lg-left brz-bcp-color2 brz-css-kbl1q\"><span class=\"brz-cp-color2\">Blumen, B\u00fcsche und Rasen d\u00fcrfen ausschlie\u00dflich mit Gie\u00dfkanne und Mainwasser gegossen werden.<\/span><\/li>\n<li class=\"brz-tp-paragraph brz-text-lg-left brz-bcp-color2 brz-css-m1pYl\"><span class=\"brz-cp-color2\">Die Benutzung des Kinderspielplatzes geschieht auf eigene Gefahr. Die Aufsichtspflicht obliegt den Eltern.<\/span><\/li>\n<li class=\"brz-tp-paragraph brz-text-lg-left brz-bcp-color2 brz-css-tVAP7\"><span class=\"brz-cp-color2\">Die Benutzung der Badestelle sowie&nbsp;das Baden geschehen auf eigene Gefahr.&nbsp;Die Aufsichtspflicht f\u00fcr die Kinder obliegt den Eltern.<\/span><\/li>\n<li class=\"brz-tp-paragraph brz-text-lg-left brz-bcp-color2 brz-css-fD3BC\"><span class=\"brz-cp-color2\">Gleiches gilt f\u00fcr die Benutzung der Bootssteganlagen.<\/span><\/li>\n<li class=\"brz-tp-paragraph brz-text-lg-left brz-bcp-color2 brz-css-cBMSp\"><span class=\"brz-cp-color2\">Lagerfeuer sind grunds\u00e4tzlich untersagt.<\/span><\/li>\n<\/ol>\n<p class=\"brz-tp-paragraph brz-text-lg-left brz-css-pVGkx\"><span class=\"brz-cp-color2\"> <\/span><\/p>\n<p class=\"brz-tp-paragraph brz-text-lg-left brz-css-nFMPl\"><span class=\"brz-cp-color2\">Die Verwaltung bzw. der Platzwart sind in Aus\u00fcbung des Hausrechts berechtigt, die Aufnahme von Personen zu verweigern oder sie des Platzes zu verweisen, wenn dies zur Aufrechthaltung der Sicherheit und Ordnung auf dem Campingplatz erforderlich erscheinen. <\/span><\/p>\n<\/div>\n<\/div>\n<\/div>\n<\/div>\n<\/div>\n<\/section>\n<\/div>\n<p>    <!-- version:1738063416 --><\/p>\n","protected":false},"excerpt":{"rendered":"<p>Platzordnung Das Ankergrundteam hei\u00dft Sie herzlich willkommen und w\u00fcnscht Ihnen einen erholsamen Aufenthalt. Im Interesse aller anwesenden Campingg\u00e4ste werden Sie h\u00f6flichst gebeten, alles zu vermeiden, was die Gemeinschaft der Campingg\u00e4ste st\u00f6ren k\u00f6nnte. Beachten Sie daher bitte die nachstehenden Platzordnung: Der Zutritt zum Campingplatz ist nur nach Anmeldung gestattet. Der ankommende Campinggast bzw. Besucher meldet sich [&hellip;]<\/p>\n","protected":false},"author":2,"featured_media":0,"parent":0,"menu_order":0,"comment_status":"closed","ping_status":"closed","template":"brizy-blank-template.php","meta":{"footnotes":""},"class_list":["post-561","page","type-page","status-publish","hentry"],"yoast_head":"<!-- This site is optimized with the Yoast SEO plugin v27.4 - https:\/\/yoast.com\/product\/yoast-seo-wordpress\/ -->\n<title>Platzordnung - Campingplatz Ankergrund<\/title>\n<meta name=\"robots\" content=\"index, follow, max-snippet:-1, max-image-preview:large, max-video-preview:-1\" \/>\n<link rel=\"canonical\" href=\"https:\/\/www.campingplatz-ankergrund.de\/index.php\/platzordnung\/\" \/>\n<meta property=\"og:locale\" content=\"de_DE\" \/>\n<meta property=\"og:type\" content=\"article\" \/>\n<meta property=\"og:title\" content=\"Platzordnung - Campingplatz Ankergrund\" \/>\n<meta property=\"og:description\" content=\"Platzordnung Das Ankergrundteam hei\u00dft Sie herzlich willkommen und w\u00fcnscht Ihnen einen erholsamen Aufenthalt. Im Interesse aller anwesenden Campingg\u00e4ste werden Sie h\u00f6flichst gebeten, alles zu vermeiden, was die Gemeinschaft der Campingg\u00e4ste st\u00f6ren k\u00f6nnte. Beachten Sie daher bitte die nachstehenden Platzordnung: Der Zutritt zum Campingplatz ist nur nach Anmeldung gestattet. Der ankommende Campinggast bzw. Besucher meldet sich [&hellip;]\" \/>\n<meta property=\"og:url\" content=\"https:\/\/www.campingplatz-ankergrund.de\/index.php\/platzordnung\/\" \/>\n<meta property=\"og:site_name\" content=\"Campingplatz Ankergrund\" \/>\n<meta property=\"article:modified_time\" content=\"2026-03-26T12:44:14+00:00\" \/>\n<meta name=\"twitter:card\" content=\"summary_large_image\" \/>\n<meta name=\"twitter:label1\" content=\"Gesch\u00e4tzte Lesezeit\" \/>\n\t<meta name=\"twitter:data1\" content=\"2\u00a0Minuten\" \/>\n<script type=\"application\/ld+json\" class=\"yoast-schema-graph\">{\"@context\":\"https:\\\/\\\/schema.org\",\"@graph\":[{\"@type\":\"WebPage\",\"@id\":\"https:\\\/\\\/www.campingplatz-ankergrund.de\\\/index.php\\\/platzordnung\\\/\",\"url\":\"https:\\\/\\\/www.campingplatz-ankergrund.de\\\/index.php\\\/platzordnung\\\/\",\"name\":\"Platzordnung - Campingplatz Ankergrund\",\"isPartOf\":{\"@id\":\"https:\\\/\\\/www.campingplatz-ankergrund.de\\\/#website\"},\"datePublished\":\"2021-02-21T11:14:17+00:00\",\"dateModified\":\"2026-03-26T12:44:14+00:00\",\"inLanguage\":\"de\",\"potentialAction\":[{\"@type\":\"ReadAction\",\"target\":[\"https:\\\/\\\/www.campingplatz-ankergrund.de\\\/index.php\\\/platzordnung\\\/\"]}]},{\"@type\":\"WebSite\",\"@id\":\"https:\\\/\\\/www.campingplatz-ankergrund.de\\\/#website\",\"url\":\"https:\\\/\\\/www.campingplatz-ankergrund.de\\\/\",\"name\":\"Campingplatz Ankergrund\",\"description\":\"\",\"potentialAction\":[{\"@type\":\"SearchAction\",\"target\":{\"@type\":\"EntryPoint\",\"urlTemplate\":\"https:\\\/\\\/www.campingplatz-ankergrund.de\\\/?s={search_term_string}\"},\"query-input\":{\"@type\":\"PropertyValueSpecification\",\"valueRequired\":true,\"valueName\":\"search_term_string\"}}],\"inLanguage\":\"de\"}]}<\/script>\n<!-- \/ Yoast SEO plugin. -->","yoast_head_json":{"title":"Platzordnung - Campingplatz Ankergrund","robots":{"index":"index","follow":"follow","max-snippet":"max-snippet:-1","max-image-preview":"max-image-preview:large","max-video-preview":"max-video-preview:-1"},"canonical":"https:\/\/www.campingplatz-ankergrund.de\/index.php\/platzordnung\/","og_locale":"de_DE","og_type":"article","og_title":"Platzordnung - Campingplatz Ankergrund","og_description":"Platzordnung Das Ankergrundteam hei\u00dft Sie herzlich willkommen und w\u00fcnscht Ihnen einen erholsamen Aufenthalt. Im Interesse aller anwesenden Campingg\u00e4ste werden Sie h\u00f6flichst gebeten, alles zu vermeiden, was die Gemeinschaft der Campingg\u00e4ste st\u00f6ren k\u00f6nnte. Beachten Sie daher bitte die nachstehenden Platzordnung: Der Zutritt zum Campingplatz ist nur nach Anmeldung gestattet. Der ankommende Campinggast bzw. Besucher meldet sich [&hellip;]","og_url":"https:\/\/www.campingplatz-ankergrund.de\/index.php\/platzordnung\/","og_site_name":"Campingplatz Ankergrund","article_modified_time":"2026-03-26T12:44:14+00:00","twitter_card":"summary_large_image","twitter_misc":{"Gesch\u00e4tzte Lesezeit":"2\u00a0Minuten"},"schema":{"@context":"https:\/\/schema.org","@graph":[{"@type":"WebPage","@id":"https:\/\/www.campingplatz-ankergrund.de\/index.php\/platzordnung\/","url":"https:\/\/www.campingplatz-ankergrund.de\/index.php\/platzordnung\/","name":"Platzordnung - Campingplatz Ankergrund","isPartOf":{"@id":"https:\/\/www.campingplatz-ankergrund.de\/#website"},"datePublished":"2021-02-21T11:14:17+00:00","dateModified":"2026-03-26T12:44:14+00:00","inLanguage":"de","potentialAction":[{"@type":"ReadAction","target":["https:\/\/www.campingplatz-ankergrund.de\/index.php\/platzordnung\/"]}]},{"@type":"WebSite","@id":"https:\/\/www.campingplatz-ankergrund.de\/#website","url":"https:\/\/www.campingplatz-ankergrund.de\/","name":"Campingplatz Ankergrund","description":"","potentialAction":[{"@type":"SearchAction","target":{"@type":"EntryPoint","urlTemplate":"https:\/\/www.campingplatz-ankergrund.de\/?s={search_term_string}"},"query-input":{"@type":"PropertyValueSpecification","valueRequired":true,"valueName":"search_term_string"}}],"inLanguage":"de"}]}},"brizy_media":[],"_links":{"self":[{"href":"https:\/\/www.campingplatz-ankergrund.de\/index.php\/wp-json\/wp\/v2\/pages\/561","targetHints":{"allow":["GET"]}}],"collection":[{"href":"https:\/\/www.campingplatz-ankergrund.de\/index.php\/wp-json\/wp\/v2\/pages"}],"about":[{"href":"https:\/\/www.campingplatz-ankergrund.de\/index.php\/wp-json\/wp\/v2\/types\/page"}],"author":[{"embeddable":true,"href":"https:\/\/www.campingplatz-ankergrund.de\/index.php\/wp-json\/wp\/v2\/users\/2"}],"replies":[{"embeddable":true,"href":"https:\/\/www.campingplatz-ankergrund.de\/index.php\/wp-json\/wp\/v2\/comments?post=561"}],"version-history":[{"count":0,"href":"https:\/\/www.campingplatz-ankergrund.de\/index.php\/wp-json\/wp\/v2\/pages\/561\/revisions"}],"wp:attachment":[{"href":"https:\/\/www.campingplatz-ankergrund.de\/index.php\/wp-json\/wp\/v2\/media?parent=561"}],"curies":[{"name":"wp","href":"https:\/\/api.w.org\/{rel}","templated":true}]}}