{"id":598,"date":"2021-02-21T12:17:04","date_gmt":"2021-02-21T11:17:04","guid":{"rendered":"https:\/\/www.campingplatz-ankergrund.de\/?page_id=598"},"modified":"2026-05-12T11:11:16","modified_gmt":"2026-05-12T09:11:16","slug":"sanitaerbereich","status":"publish","type":"page","link":"https:\/\/www.campingplatz-ankergrund.de\/index.php\/sanitaerbereich\/","title":{"rendered":"Sanit\u00e4rbereich"},"content":{"rendered":"<div class=\"brz-root__container brz-reset-all brz brz-root__container-page\">\n<section id=\"_btyylnfmhkyczfckwpkrovymzzbkhjznusnt\" class=\"brz-section brz-css-18vm0hr\">\n<div class=\"brz-section__content brz-section--boxed brz-css-1k0d9b5 brz-css-1f71hfa\" data-brz-custom-id=\"pggahjvybgfpwllkioolpsxzfrpgcwhbuwls\">\n<div class=\"brz-container brz-css-14b12yf\">\n<div id=\"\" class=\"brz-css-1eoqa4o brz-wrapper\">\n<div class=\"brz-rich-text brz-rich-text__custom brz-css-1gb8lht\" data-brz-custom-id=\"szyhtraptvwfhvmpxhuxjnkogdjgldsrvykr\">\n<div data-brz-translate-text=\"1\">\n<p class=\"brz-tp-heading1 brz-text-lg-center brz-css-bUGTy\"><span class=\"brz-cp-color3\">Sanit\u00e4rbereich <\/span><\/p>\n<\/div>\n<\/div>\n<\/div>\n<\/div>\n<\/div>\n<\/section>\n<section id=\"_flihnbqfvdwiytsqwlqqoshmteeuezamfgma\" class=\"brz-section brz-css-18vm0hr\">\n<div class=\"brz-section__content brz-section--boxed brz-css-1k0d9b5 brz-css-1ir01q7\" data-brz-custom-id=\"uaqsbmxpgofnwoaeziqedtchuzvplbxwqinm\">\n<div class=\"brz-bg\">\n<div class=\"brz-bg-image brz-bg-image-parallax\"><\/div>\n<\/div>\n<div class=\"brz-container brz-css-14b12yf\">\n<div class=\"brz-row__container brz-css-1bhaigo\" data-brz-custom-id=\"tpouwpqlnhfmqiiqfptojsvlxhckhvuxksvp\">\n<div class=\"brz-bg\"><\/div>\n<div class=\"brz-row brz-css-9ibsw2 brz-css-v3cax2\">\n<div class=\"brz-columns brz-css-1wua3zf brz-css-ak22ty\" data-brz-custom-id=\"rjfvgaowirmuhhrlcufzvcmhyricitqjwlmc\">\n<div class=\"brz-bg\"><\/div>\n<div class=\"brz-column__items brz-css-7i8akf\">\n<div id=\"\" class=\"brz-css-1eoqa4o brz-wrapper\">\n<div class=\"brz-rich-text brz-rich-text__custom brz-css-1gb8lht\" data-brz-custom-id=\"neovebmyfdqgglcshbgiygckwacqdesnnpuo\">\n<div data-brz-translate-text=\"1\">\n<p class=\"brz-tp-heading6 brz-css-yHewt\"><span class=\"brz-cp-color8\">Neues Sanit\u00e4rgeb\u00e4ude<\/span><\/p>\n<\/div>\n<\/div>\n<\/div>\n<div id=\"\" class=\"brz-css-1eoqa4o brz-wrapper\">\n<div class=\"brz-image brz-css-1heze53\" data-brz-custom-id=\"ubgqwpjildzouhatvlbcirhvatzvmjozqult\"><img decoding=\"async\" class=\"brz-img\" src=\"https:\/\/www.campingplatz-ankergrund.de\/wp-content\/uploads\/brizy\/imgs\/c699b05e3858228393aeafad5a7d9d6a-385x269x13x0x360x269x1727108261.jpg\" alt=\"\" loading=\"lazy\"><\/div>\n<\/div>\n<\/div>\n<\/div>\n<div class=\"brz-columns brz-css-1wua3zf brz-css-ql8mly\" data-brz-custom-id=\"wmjaftaqlbbezfioihpnuqtfyhnwvfgxkmmt\">\n<div class=\"brz-bg\"><\/div>\n<div class=\"brz-column__items brz-css-7i8akf\">\n<div id=\"\" class=\"brz-css-1eoqa4o brz-wrapper\">\n<div class=\"brz-rich-text brz-rich-text__custom brz-css-1gb8lht\" data-brz-custom-id=\"keockyblfwqscsiteprbxdsmslebeiopvaca\">\n<div data-brz-translate-text=\"1\">\n<p class=\"brz-tp-heading6 brz-css-wTym2\"><span class=\"brz-cp-color8\">Waschbereich, Duschkabinen<\/span><\/p>\n<\/div>\n<\/div>\n<\/div>\n<div id=\"\" class=\"brz-css-1eoqa4o brz-wrapper\">\n<div class=\"brz-image brz-css-1u4s5x2\" data-brz-custom-id=\"ghcgbfzwurctfiqxghusoevwpgmgyihqedrr\"><img decoding=\"async\" class=\"brz-img\" src=\"https:\/\/www.campingplatz-ankergrund.de\/wp-content\/uploads\/brizy\/imgs\/eb867728e791a622c703e35c46d42241-385x269x13x0x360x269x1727108261.jpg\" alt=\"\" loading=\"lazy\"><\/div>\n<\/div>\n<\/div>\n<\/div>\n<div class=\"brz-columns brz-css-1wua3zf brz-css-14n9ihz\" data-brz-custom-id=\"pjfrahmrbgcswbdudrzqpflmbyfnafkwjehj\">\n<div class=\"brz-bg\"><\/div>\n<div class=\"brz-column__items brz-css-7i8akf\">\n<div id=\"\" class=\"brz-css-1eoqa4o brz-wrapper\">\n<div class=\"brz-rich-text brz-rich-text__custom brz-css-1gb8lht\" data-brz-custom-id=\"sjlnebttwmpbxdxkszkdbjhefirniodnerrg\">\n<div data-brz-translate-text=\"1\">\n<p class=\"brz-tp-heading6 brz-css-fc1uZ\"><span class=\"brz-cp-color8\">Waschbereich Toiletten<\/span><\/p>\n<\/div>\n<\/div>\n<\/div>\n<div id=\"\" class=\"brz-css-1eoqa4o brz-wrapper\">\n<div class=\"brz-image brz-css-y0vy9j\" data-brz-custom-id=\"cxwxzpnqftsvedjaqgnradsdfhyuitttawby\"><img decoding=\"async\" class=\"brz-img\" src=\"https:\/\/www.campingplatz-ankergrund.de\/wp-content\/uploads\/brizy\/imgs\/a4074b76eda437301f9149e1975025f2-386x270x13x0x361x270x1727108261.jpg\" alt=\"\" loading=\"lazy\"><\/div>\n<\/div>\n<\/div>\n<\/div>\n<\/div>\n<\/div>\n<\/div>\n<\/div>\n<\/section>\n<section id=\"_jaurmxrvcrwefojmwyhuhtqnuexfjbwqwvpc\" class=\"brz-section brz-css-18vm0hr\">\n<div class=\"brz-section__content brz-section--boxed brz-css-1k0d9b5 brz-css-1ytor0j\" data-brz-custom-id=\"chdjzbogzshjojdeuglriokouycwzgcldews\">\n<div class=\"brz-container brz-css-14b12yf\">\n<div id=\"\" class=\"brz-css-1eoqa4o brz-wrapper\">\n<div class=\"brz-rich-text brz-rich-text__custom brz-css-1gb8lht\" data-brz-custom-id=\"vhfytqjwqhmxvpebnxdfrktgyhglqvvfvdtd\">\n<div data-brz-translate-text=\"1\">\n<p class=\"brz-text-lg-center brz-tp-paragraph brz-css-hmo93\"><span class=\"brz-cp-color7\">Wir legen gr\u00f6\u00dften Wert auf Sauberkeit.&nbsp;2014 wurden unsere sanit\u00e4ren Anlagen&nbsp;durch ein zweites, hochmodernes Geb\u00e4ude&nbsp;erweitert.&nbsp;Somit bieten wir Ihnen ausreichend Duschen und Waschkabinen mit&nbsp;gr\u00f6\u00dftem Komfort f\u00fcr eine behagliche&nbsp;Privatsph\u00e4re.&nbsp;Die freundlichen, hellen R\u00e4ume sind solide und hochwertig ausgestattet und schaffen somit eine Wohlf\u00fchl-Atmosph\u00e4re, die man nur selten findet.&nbsp;<\/span><\/p>\n<p class=\"brz-text-lg-center brz-tp-paragraph brz-css-xyy6F\"><span class=\"brz-cp-color7\"> <\/span><\/p>\n<p class=\"brz-text-lg-center brz-tp-paragraph brz-css-lvRsa\"><span class=\"brz-cp-color7\">Die Duschen werden ganz einfach mit M\u00fcnzen&nbsp;eingeschaltet. Ein&nbsp;Wechselautomat&nbsp;befindet&nbsp;sich&nbsp;direkt im Eingangsbereich und l\u00e4sst Sie sofort die gro\u00dfen, behaglichen Regenduschen genie\u00dfen.<\/span><\/p>\n<p class=\"brz-text-lg-center brz-tp-paragraph brz-css-tGSop\"><span class=\"brz-cp-color7\"> <\/span><\/p>\n<p class=\"brz-text-lg-center brz-tp-paragraph brz-css-xkoeR\"><span class=\"brz-cp-color7\">Unsere G\u00e4ste mit Behinderung erreichen ihren gro\u00dfz\u00fcgig gestalteten, separaten Bereich barrierefrei&nbsp;\u00fcber einen Aufzug.&nbsp;F\u00fcr diese R\u00e4umlichkeit haben wir uns ganz besonders viel M\u00fche gegeben.<\/span><\/p>\n<p class=\"brz-text-lg-center brz-tp-paragraph brz-css-oFMvA\"><span class=\"brz-cp-color7\"> <\/span><\/p>\n<p class=\"brz-text-lg-center brz-tp-paragraph brz-css-mXTqS\"><span class=\"brz-cp-color7\">Ihr Geschirr reinigt sich fast wie von selbst im separaten Sp\u00fclraum mit ausreichend&nbsp;Platz und Licht, um Ihren Bed\u00fcrfnissen gerecht zu werden. Hier&nbsp;kommt man schnell ins Gespr\u00e4ch und erledigt das Tellerwaschen manchmal schneller und besser gelaunt, als gedacht.<\/span><\/p>\n<\/div>\n<\/div>\n<\/div>\n<\/div>\n<\/div>\n<\/section>\n<section id=\"_bswuqnjnofmauweedoaduundjkycwzshosaj\" class=\"brz-section brz-css-18vm0hr\">\n<div class=\"brz-section__content brz-section--boxed brz-css-1k0d9b5 brz-css-50mane\" data-brz-custom-id=\"hwrlxzruumsqawcwhlkgtoqcrlqwnqapeubq\">\n<div class=\"brz-bg\">\n<div class=\"brz-bg-image brz-bg-image-parallax\"><\/div>\n<\/div>\n<div class=\"brz-container brz-css-14b12yf\">\n<div class=\"brz-row__container brz-css-1bhaigo\" data-brz-custom-id=\"vdqeeyhwawdjlqmlxnvzricbbmgipjmmsrkw\">\n<div class=\"brz-bg\"><\/div>\n<div class=\"brz-row brz-css-9ibsw2 brz-css-v3cax2\">\n<div class=\"brz-columns brz-css-1wua3zf brz-css-9i91ia\" data-brz-custom-id=\"vtpwabmkvvuxxglicomewdktljscmpiihepx\">\n<div class=\"brz-bg\"><\/div>\n<div class=\"brz-column__items brz-css-7i8akf\">\n<div id=\"\" class=\"brz-css-1eoqa4o brz-wrapper\">\n<div class=\"brz-rich-text brz-rich-text__custom brz-css-1gb8lht\" data-brz-custom-id=\"elvityqelwsznkwztvibdptubuiwxrwjqiam\">\n<div data-brz-translate-text=\"1\">\n<p class=\"brz-tp-heading6 brz-css-aemVX\"><span class=\"brz-cp-color8\">Eingangsbereich<\/span><\/p>\n<\/div>\n<\/div>\n<\/div>\n<div id=\"\" class=\"brz-css-1eoqa4o brz-wrapper\">\n<div class=\"brz-image brz-css-ahyjpg\" data-brz-custom-id=\"ckeocyzvgvprlmfjtaczthleoqfvssfvhzsb\"><img decoding=\"async\" class=\"brz-img\" src=\"https:\/\/www.campingplatz-ankergrund.de\/wp-content\/uploads\/brizy\/imgs\/9f212cb0676cb96979ad888c55754a81-385x269x13x0x360x269x1727108261.jpg\" alt=\"\" loading=\"lazy\"><\/div>\n<\/div>\n<\/div>\n<\/div>\n<div class=\"brz-columns brz-css-1wua3zf brz-css-18jkonf\" data-brz-custom-id=\"wyffxeskimzwurzpovospmonygwyujtyhryx\">\n<div class=\"brz-bg\"><\/div>\n<div class=\"brz-column__items brz-css-7i8akf\">\n<div id=\"\" class=\"brz-css-1eoqa4o brz-wrapper\">\n<div class=\"brz-rich-text brz-rich-text__custom brz-css-1gb8lht\" data-brz-custom-id=\"dnxlqpxqoydqtymwmjrcjuiabxfidfetuanm\">\n<div data-brz-translate-text=\"1\">\n<p class=\"brz-tp-lg-heading6 brz-css-cN7Um\" data-uniq-id=\"zqrvz\" data-generated-css=\"brz-css-uxjxd\"><span class=\"brz-cp-color8\">Waschraum f\u00fcr  G\u00e4ste mit Handicap\/Familien<\/span><\/p>\n<\/div>\n<\/div>\n<\/div>\n<div id=\"\" class=\"brz-css-1eoqa4o brz-wrapper\">\n<div class=\"brz-image brz-css-bqa5dp\" data-brz-custom-id=\"ztgytwcvsjbywrgnsexekwquctuypqlkqidh\"><img decoding=\"async\" class=\"brz-img\" src=\"https:\/\/www.campingplatz-ankergrund.de\/wp-content\/uploads\/brizy\/imgs\/f4cb494892350f1caf98f088cbe00eca-385x269x13x0x360x269x1727108261.jpg\" alt=\"\" loading=\"lazy\"><\/div>\n<\/div>\n<\/div>\n<\/div>\n<div class=\"brz-columns brz-css-1wua3zf brz-css-1q9luzw\" data-brz-custom-id=\"lgacbmyeqdfbfdwqmvthtjoddmnmvmfaiiaf\">\n<div class=\"brz-bg\"><\/div>\n<div class=\"brz-column__items brz-css-7i8akf\">\n<div id=\"\" class=\"brz-css-1eoqa4o brz-wrapper\">\n<div class=\"brz-rich-text brz-rich-text__custom brz-css-1gb8lht\" data-brz-custom-id=\"vwhuntcildqivmnfxplpjeggwlgwjqnbukjy\">\n<div data-brz-translate-text=\"1\">\n<p class=\"brz-tp-heading6 brz-css-uBH5O\"><span class=\"brz-cp-color8\">Sp\u00fclraum<\/span><\/p>\n<\/div>\n<\/div>\n<\/div>\n<div id=\"\" class=\"brz-css-1eoqa4o brz-wrapper\">\n<div class=\"brz-image brz-css-1ekvpbo\" data-brz-custom-id=\"jfkxmvverdqpiycgwbvczvxdoluodwpetnpl\"><img decoding=\"async\" class=\"brz-img\" src=\"https:\/\/www.campingplatz-ankergrund.de\/wp-content\/uploads\/brizy\/imgs\/c20b2dfe00294bf6a486306c1d613691-386x270x13x0x361x270x1727108261.jpg\" alt=\"\" loading=\"lazy\"><\/div>\n<\/div>\n<\/div>\n<\/div>\n<\/div>\n<\/div>\n<\/div>\n<\/div>\n<\/section>\n<\/div>\n<p>    <!-- version:1738063403 --><\/p>\n","protected":false},"excerpt":{"rendered":"<p>Sanit\u00e4rbereich Neues Sanit\u00e4rgeb\u00e4ude Waschbereich, Duschkabinen Waschbereich Toiletten Wir legen gr\u00f6\u00dften Wert auf Sauberkeit.&nbsp;2014 wurden unsere sanit\u00e4ren Anlagen&nbsp;durch ein zweites, hochmodernes Geb\u00e4ude&nbsp;erweitert.&nbsp;Somit bieten wir Ihnen ausreichend Duschen und Waschkabinen mit&nbsp;gr\u00f6\u00dftem Komfort f\u00fcr eine behagliche&nbsp;Privatsph\u00e4re.&nbsp;Die freundlichen, hellen R\u00e4ume sind solide und hochwertig ausgestattet und schaffen somit eine Wohlf\u00fchl-Atmosph\u00e4re, die man nur selten findet.&nbsp; Die Duschen werden ganz [&hellip;]<\/p>\n","protected":false},"author":2,"featured_media":0,"parent":0,"menu_order":0,"comment_status":"closed","ping_status":"closed","template":"brizy-blank-template.php","meta":{"footnotes":""},"class_list":["post-598","page","type-page","status-publish","hentry"],"yoast_head":"<!-- This site is optimized with the Yoast SEO plugin v27.6 - https:\/\/yoast.com\/product\/yoast-seo-wordpress\/ -->\n<title>Sanit\u00e4rbereich - Campingplatz Ankergrund<\/title>\n<meta name=\"description\" content=\"Sauberkeit im Sanit\u00e4rbereich auf unserem Campingplatz ist uns sehr wichtig. Die modernen Duschen und Waschkabinen bieten Ihnen gro\u00dfen Komfort\" \/>\n<meta name=\"robots\" content=\"index, follow, max-snippet:-1, max-image-preview:large, max-video-preview:-1\" \/>\n<link rel=\"canonical\" href=\"https:\/\/www.campingplatz-ankergrund.de\/index.php\/sanitaerbereich\/\" \/>\n<meta property=\"og:locale\" content=\"de_DE\" \/>\n<meta property=\"og:type\" content=\"article\" \/>\n<meta property=\"og:title\" content=\"Sanit\u00e4rbereich - Campingplatz Ankergrund\" \/>\n<meta property=\"og:description\" content=\"Sauberkeit im Sanit\u00e4rbereich auf unserem Campingplatz ist uns sehr wichtig. Die modernen Duschen und Waschkabinen bieten Ihnen gro\u00dfen Komfort\" \/>\n<meta property=\"og:url\" content=\"https:\/\/www.campingplatz-ankergrund.de\/index.php\/sanitaerbereich\/\" \/>\n<meta property=\"og:site_name\" content=\"Campingplatz Ankergrund\" \/>\n<meta property=\"article:modified_time\" content=\"2026-05-12T09:11:16+00:00\" \/>\n<meta property=\"og:image\" content=\"https:\/\/www.campingplatz-ankergrund.de\/wp-content\/uploads\/brizy\/imgs\/c699b05e3858228393aeafad5a7d9d6a-385x269x13x0x360x269x1727108261.jpg\" \/>\n<meta name=\"twitter:card\" content=\"summary_large_image\" \/>\n<meta name=\"twitter:label1\" content=\"Gesch\u00e4tzte Lesezeit\" \/>\n\t<meta name=\"twitter:data1\" content=\"4\u00a0Minuten\" \/>\n<script type=\"application\/ld+json\" class=\"yoast-schema-graph\">{\"@context\":\"https:\\\/\\\/schema.org\",\"@graph\":[{\"@type\":\"WebPage\",\"@id\":\"https:\\\/\\\/www.campingplatz-ankergrund.de\\\/index.php\\\/sanitaerbereich\\\/\",\"url\":\"https:\\\/\\\/www.campingplatz-ankergrund.de\\\/index.php\\\/sanitaerbereich\\\/\",\"name\":\"Sanit\u00e4rbereich - Campingplatz Ankergrund\",\"isPartOf\":{\"@id\":\"https:\\\/\\\/www.campingplatz-ankergrund.de\\\/#website\"},\"primaryImageOfPage\":{\"@id\":\"https:\\\/\\\/www.campingplatz-ankergrund.de\\\/index.php\\\/sanitaerbereich\\\/#primaryimage\"},\"image\":{\"@id\":\"https:\\\/\\\/www.campingplatz-ankergrund.de\\\/index.php\\\/sanitaerbereich\\\/#primaryimage\"},\"thumbnailUrl\":\"https:\\\/\\\/www.campingplatz-ankergrund.de\\\/wp-content\\\/uploads\\\/brizy\\\/imgs\\\/c699b05e3858228393aeafad5a7d9d6a-385x269x13x0x360x269x1727108261.jpg\",\"datePublished\":\"2021-02-21T11:17:04+00:00\",\"dateModified\":\"2026-05-12T09:11:16+00:00\",\"description\":\"Sauberkeit im Sanit\u00e4rbereich auf unserem Campingplatz ist uns sehr wichtig. Die modernen Duschen und Waschkabinen bieten Ihnen gro\u00dfen Komfort\",\"inLanguage\":\"de\",\"potentialAction\":[{\"@type\":\"ReadAction\",\"target\":[\"https:\\\/\\\/www.campingplatz-ankergrund.de\\\/index.php\\\/sanitaerbereich\\\/\"]}]},{\"@type\":\"ImageObject\",\"inLanguage\":\"de\",\"@id\":\"https:\\\/\\\/www.campingplatz-ankergrund.de\\\/index.php\\\/sanitaerbereich\\\/#primaryimage\",\"url\":\"https:\\\/\\\/www.campingplatz-ankergrund.de\\\/wp-content\\\/uploads\\\/brizy\\\/imgs\\\/c699b05e3858228393aeafad5a7d9d6a-385x269x13x0x360x269x1727108261.jpg\",\"contentUrl\":\"https:\\\/\\\/www.campingplatz-ankergrund.de\\\/wp-content\\\/uploads\\\/brizy\\\/imgs\\\/c699b05e3858228393aeafad5a7d9d6a-385x269x13x0x360x269x1727108261.jpg\"},{\"@type\":\"WebSite\",\"@id\":\"https:\\\/\\\/www.campingplatz-ankergrund.de\\\/#website\",\"url\":\"https:\\\/\\\/www.campingplatz-ankergrund.de\\\/\",\"name\":\"Campingplatz Ankergrund\",\"description\":\"\",\"potentialAction\":[{\"@type\":\"SearchAction\",\"target\":{\"@type\":\"EntryPoint\",\"urlTemplate\":\"https:\\\/\\\/www.campingplatz-ankergrund.de\\\/?s={search_term_string}\"},\"query-input\":{\"@type\":\"PropertyValueSpecification\",\"valueRequired\":true,\"valueName\":\"search_term_string\"}}],\"inLanguage\":\"de\"}]}<\/script>\n<!-- \/ Yoast SEO plugin. -->","yoast_head_json":{"title":"Sanit\u00e4rbereich - Campingplatz Ankergrund","description":"Sauberkeit im Sanit\u00e4rbereich auf unserem Campingplatz ist uns sehr wichtig. Die modernen Duschen und Waschkabinen bieten Ihnen gro\u00dfen Komfort","robots":{"index":"index","follow":"follow","max-snippet":"max-snippet:-1","max-image-preview":"max-image-preview:large","max-video-preview":"max-video-preview:-1"},"canonical":"https:\/\/www.campingplatz-ankergrund.de\/index.php\/sanitaerbereich\/","og_locale":"de_DE","og_type":"article","og_title":"Sanit\u00e4rbereich - Campingplatz Ankergrund","og_description":"Sauberkeit im Sanit\u00e4rbereich auf unserem Campingplatz ist uns sehr wichtig. Die modernen Duschen und Waschkabinen bieten Ihnen gro\u00dfen Komfort","og_url":"https:\/\/www.campingplatz-ankergrund.de\/index.php\/sanitaerbereich\/","og_site_name":"Campingplatz Ankergrund","article_modified_time":"2026-05-12T09:11:16+00:00","og_image":[{"url":"https:\/\/www.campingplatz-ankergrund.de\/wp-content\/uploads\/brizy\/imgs\/c699b05e3858228393aeafad5a7d9d6a-385x269x13x0x360x269x1727108261.jpg","type":"","width":"","height":""}],"twitter_card":"summary_large_image","twitter_misc":{"Gesch\u00e4tzte Lesezeit":"4\u00a0Minuten"},"schema":{"@context":"https:\/\/schema.org","@graph":[{"@type":"WebPage","@id":"https:\/\/www.campingplatz-ankergrund.de\/index.php\/sanitaerbereich\/","url":"https:\/\/www.campingplatz-ankergrund.de\/index.php\/sanitaerbereich\/","name":"Sanit\u00e4rbereich - Campingplatz Ankergrund","isPartOf":{"@id":"https:\/\/www.campingplatz-ankergrund.de\/#website"},"primaryImageOfPage":{"@id":"https:\/\/www.campingplatz-ankergrund.de\/index.php\/sanitaerbereich\/#primaryimage"},"image":{"@id":"https:\/\/www.campingplatz-ankergrund.de\/index.php\/sanitaerbereich\/#primaryimage"},"thumbnailUrl":"https:\/\/www.campingplatz-ankergrund.de\/wp-content\/uploads\/brizy\/imgs\/c699b05e3858228393aeafad5a7d9d6a-385x269x13x0x360x269x1727108261.jpg","datePublished":"2021-02-21T11:17:04+00:00","dateModified":"2026-05-12T09:11:16+00:00","description":"Sauberkeit im Sanit\u00e4rbereich auf unserem Campingplatz ist uns sehr wichtig. Die modernen Duschen und Waschkabinen bieten Ihnen gro\u00dfen Komfort","inLanguage":"de","potentialAction":[{"@type":"ReadAction","target":["https:\/\/www.campingplatz-ankergrund.de\/index.php\/sanitaerbereich\/"]}]},{"@type":"ImageObject","inLanguage":"de","@id":"https:\/\/www.campingplatz-ankergrund.de\/index.php\/sanitaerbereich\/#primaryimage","url":"https:\/\/www.campingplatz-ankergrund.de\/wp-content\/uploads\/brizy\/imgs\/c699b05e3858228393aeafad5a7d9d6a-385x269x13x0x360x269x1727108261.jpg","contentUrl":"https:\/\/www.campingplatz-ankergrund.de\/wp-content\/uploads\/brizy\/imgs\/c699b05e3858228393aeafad5a7d9d6a-385x269x13x0x360x269x1727108261.jpg"},{"@type":"WebSite","@id":"https:\/\/www.campingplatz-ankergrund.de\/#website","url":"https:\/\/www.campingplatz-ankergrund.de\/","name":"Campingplatz Ankergrund","description":"","potentialAction":[{"@type":"SearchAction","target":{"@type":"EntryPoint","urlTemplate":"https:\/\/www.campingplatz-ankergrund.de\/?s={search_term_string}"},"query-input":{"@type":"PropertyValueSpecification","valueRequired":true,"valueName":"search_term_string"}}],"inLanguage":"de"}]}},"brizy_media":[{"id":602,"url":"https:\/\/www.campingplatz-ankergrund.de\/wp-content\/uploads\/brizy\/601\/assets\/images\/c699b05e3858228393aeafad5a7d9d6a.jpg","name":"c699b05e3858228393aeafad5a7d9d6a.jpg","meta":{"brizy_attachment_uid":"c699b05e3858228393aeafad5a7d9d6a.jpg","brizy_post_uid":["256655497a56bcaf96f5fb858b6dd3c0"]}},{"id":603,"url":"https:\/\/www.campingplatz-ankergrund.de\/wp-content\/uploads\/brizy\/601\/assets\/images\/eb867728e791a622c703e35c46d42241.jpg","name":"eb867728e791a622c703e35c46d42241.jpg","meta":{"brizy_attachment_uid":"eb867728e791a622c703e35c46d42241.jpg","brizy_post_uid":["256655497a56bcaf96f5fb858b6dd3c0","4e29ce079660360cfd8d1d2e6cec6a64"]}},{"id":604,"url":"https:\/\/www.campingplatz-ankergrund.de\/wp-content\/uploads\/brizy\/601\/assets\/images\/a4074b76eda437301f9149e1975025f2.jpg","name":"a4074b76eda437301f9149e1975025f2.jpg","meta":{"brizy_attachment_uid":"a4074b76eda437301f9149e1975025f2.jpg","brizy_post_uid":["256655497a56bcaf96f5fb858b6dd3c0","4e29ce079660360cfd8d1d2e6cec6a64"]}},{"id":605,"url":"https:\/\/www.campingplatz-ankergrund.de\/wp-content\/uploads\/brizy\/601\/assets\/images\/9f212cb0676cb96979ad888c55754a81.jpg","name":"9f212cb0676cb96979ad888c55754a81.jpg","meta":{"brizy_attachment_uid":"9f212cb0676cb96979ad888c55754a81.jpg","brizy_post_uid":["256655497a56bcaf96f5fb858b6dd3c0"]}},{"id":606,"url":"https:\/\/www.campingplatz-ankergrund.de\/wp-content\/uploads\/brizy\/601\/assets\/images\/f4cb494892350f1caf98f088cbe00eca.jpg","name":"f4cb494892350f1caf98f088cbe00eca.jpg","meta":{"brizy_attachment_uid":"f4cb494892350f1caf98f088cbe00eca.jpg","brizy_post_uid":["256655497a56bcaf96f5fb858b6dd3c0"]}},{"id":607,"url":"https:\/\/www.campingplatz-ankergrund.de\/wp-content\/uploads\/brizy\/601\/assets\/images\/c20b2dfe00294bf6a486306c1d613691.jpg","name":"c20b2dfe00294bf6a486306c1d613691.jpg","meta":{"brizy_attachment_uid":"c20b2dfe00294bf6a486306c1d613691.jpg","brizy_post_uid":["256655497a56bcaf96f5fb858b6dd3c0","4e29ce079660360cfd8d1d2e6cec6a64"]}}],"_links":{"self":[{"href":"https:\/\/www.campingplatz-ankergrund.de\/index.php\/wp-json\/wp\/v2\/pages\/598","targetHints":{"allow":["GET"]}}],"collection":[{"href":"https:\/\/www.campingplatz-ankergrund.de\/index.php\/wp-json\/wp\/v2\/pages"}],"about":[{"href":"https:\/\/www.campingplatz-ankergrund.de\/index.php\/wp-json\/wp\/v2\/types\/page"}],"author":[{"embeddable":true,"href":"https:\/\/www.campingplatz-ankergrund.de\/index.php\/wp-json\/wp\/v2\/users\/2"}],"replies":[{"embeddable":true,"href":"https:\/\/www.campingplatz-ankergrund.de\/index.php\/wp-json\/wp\/v2\/comments?post=598"}],"version-history":[{"count":0,"href":"https:\/\/www.campingplatz-ankergrund.de\/index.php\/wp-json\/wp\/v2\/pages\/598\/revisions"}],"wp:attachment":[{"href":"https:\/\/www.campingplatz-ankergrund.de\/index.php\/wp-json\/wp\/v2\/media?parent=598"}],"curies":[{"name":"wp","href":"https:\/\/api.w.org\/{rel}","templated":true}]}}